{"id":98,"date":"2025-04-29T14:41:40","date_gmt":"2025-04-29T12:41:40","guid":{"rendered":"https:\/\/www.domainedelafermeblanche.com\/?post_type=product&#038;p=98"},"modified":"2025-08-20T11:09:43","modified_gmt":"2025-08-20T09:09:43","slug":"rouge-trinquil-ferme-blanche-aoc-cassis-2023-75cl","status":"publish","type":"product","link":"https:\/\/www.domainedelafermeblanche.com\/index.php\/produit\/rouge-trinquil-ferme-blanche-aoc-cassis-2023-75cl\/","title":{"rendered":"Rouge Trinqu&rsquo;il Bio AOC Cassis 2023 75Cl"},"content":{"rendered":"<p>Robe grenat de la jeunesse. Nez de fruits rouges frais D\u00e9licat et s\u00e9ducteur, sans amertume. Gourmandise de fruits dont la bouche souple procure un plaisir imm\u00e9diat.<\/p>\n<p><a href=\"https:\/\/www.domainedelafermeblanche.com\/wp-content\/uploads\/2025\/04\/Rouge-Trinquil-2023.pdf\">Fiche technique<\/a><\/p>\n","protected":false},"excerpt":{"rendered":"<p><a href=\"https:\/\/www.domainedelafermeblanche.com\/wp-content\/uploads\/2025\/04\/AB_cert_HD.jpg\"><img loading=\"lazy\" decoding=\"async\" class=\"alignnone size-thumbnail wp-image-313\" src=\"https:\/\/www.domainedelafermeblanche.com\/wp-content\/uploads\/2025\/04\/AB_cert_HD-150x150.jpg\" alt=\"\" width=\"150\" height=\"150\" srcset=\"https:\/\/www.domainedelafermeblanche.com\/wp-content\/uploads\/2025\/04\/AB_cert_HD-150x150.jpg 150w, https:\/\/www.domainedelafermeblanche.com\/wp-content\/uploads\/2025\/04\/AB_cert_HD-300x300.jpg 300w, https:\/\/www.domainedelafermeblanche.com\/wp-content\/uploads\/2025\/04\/AB_cert_HD-100x100.jpg 100w\" sizes=\"auto, (max-width: 150px) 100vw, 150px\" \/><\/a><\/p>\n<p>Rouge Trinqu&rsquo;il Bio AOC Cassis 2023 75Cl<\/p>\n","protected":false},"featured_media":218,"comment_status":"open","ping_status":"closed","template":"","meta":[],"product_brand":[],"product_cat":[21,24,20],"product_tag":[],"class_list":{"0":"post-98","1":"product","2":"type-product","3":"status-publish","4":"has-post-thumbnail","6":"product_cat-aoc-cassis","7":"product_cat-rouge","8":"product_cat-vins","10":"first","11":"outofstock","12":"taxable","13":"shipping-taxable","14":"purchasable","15":"product-type-simple"},"_links":{"self":[{"href":"https:\/\/www.domainedelafermeblanche.com\/index.php\/wp-json\/wp\/v2\/product\/98","targetHints":{"allow":["GET"]}}],"collection":[{"href":"https:\/\/www.domainedelafermeblanche.com\/index.php\/wp-json\/wp\/v2\/product"}],"about":[{"href":"https:\/\/www.domainedelafermeblanche.com\/index.php\/wp-json\/wp\/v2\/types\/product"}],"replies":[{"embeddable":true,"href":"https:\/\/www.domainedelafermeblanche.com\/index.php\/wp-json\/wp\/v2\/comments?post=98"}],"wp:featuredmedia":[{"embeddable":true,"href":"https:\/\/www.domainedelafermeblanche.com\/index.php\/wp-json\/wp\/v2\/media\/218"}],"wp:attachment":[{"href":"https:\/\/www.domainedelafermeblanche.com\/index.php\/wp-json\/wp\/v2\/media?parent=98"}],"wp:term":[{"taxonomy":"product_brand","embeddable":true,"href":"https:\/\/www.domainedelafermeblanche.com\/index.php\/wp-json\/wp\/v2\/product_brand?post=98"},{"taxonomy":"product_cat","embeddable":true,"href":"https:\/\/www.domainedelafermeblanche.com\/index.php\/wp-json\/wp\/v2\/product_cat?post=98"},{"taxonomy":"product_tag","embeddable":true,"href":"https:\/\/www.domainedelafermeblanche.com\/index.php\/wp-json\/wp\/v2\/product_tag?post=98"}],"curies":[{"name":"wp","href":"https:\/\/api.w.org\/{rel}","templated":true}]}}