{"id":97,"date":"2025-04-29T14:51:48","date_gmt":"2025-04-29T12:51:48","guid":{"rendered":"https:\/\/www.domainedelafermeblanche.com\/?post_type=product&#038;p=97"},"modified":"2025-07-18T16:48:43","modified_gmt":"2025-07-18T14:48:43","slug":"rose-ferme-blanche-aoc-cassis-2023-75cl","status":"publish","type":"product","link":"https:\/\/www.domainedelafermeblanche.com\/index.php\/produit\/rose-ferme-blanche-aoc-cassis-2023-75cl\/","title":{"rendered":"Ros\u00e9 Bio AOC Cassis 2024 75Cl"},"content":{"rendered":"<p>D\u2019une robe p\u00eache et brillante, notre ros\u00e9 se caract\u00e9rise par sa finesse. Il envo\u00fbtera votre nez de senteurs subtiles de fruits frais : valse d\u2019agrumes, de framboise, d\u2019abricot. Serez-vous capable de vous limiter \u00e0 le humer ? Sa bouche, tendre et ronde se finit en anis, ce qui vous permettra de le consommer en toutes occasions.<\/p>\n<p><a href=\"https:\/\/www.domainedelafermeblanche.com\/wp-content\/uploads\/2025\/04\/Rose-2024.pdf\">Fiche Technique<\/a><\/p>\n","protected":false},"excerpt":{"rendered":"<p><a href=\"https:\/\/www.domainedelafermeblanche.com\/wp-content\/uploads\/2025\/04\/AB_cert_HD.jpg\"><img loading=\"lazy\" decoding=\"async\" class=\"alignnone size-thumbnail wp-image-313\" src=\"https:\/\/www.domainedelafermeblanche.com\/wp-content\/uploads\/2025\/04\/AB_cert_HD-150x150.jpg\" alt=\"\" width=\"150\" height=\"150\" srcset=\"https:\/\/www.domainedelafermeblanche.com\/wp-content\/uploads\/2025\/04\/AB_cert_HD-150x150.jpg 150w, https:\/\/www.domainedelafermeblanche.com\/wp-content\/uploads\/2025\/04\/AB_cert_HD-300x300.jpg 300w, https:\/\/www.domainedelafermeblanche.com\/wp-content\/uploads\/2025\/04\/AB_cert_HD-100x100.jpg 100w\" sizes=\"auto, (max-width: 150px) 100vw, 150px\" \/><\/a><\/p>\n<p>Ros\u00e9 Bio AOC Cassis 2024 75Cl<\/p>\n","protected":false},"featured_media":227,"comment_status":"open","ping_status":"closed","template":"","meta":[],"product_brand":[],"product_cat":[21,23,20],"product_tag":[],"class_list":{"0":"post-97","1":"product","2":"type-product","3":"status-publish","4":"has-post-thumbnail","6":"product_cat-aoc-cassis","7":"product_cat-rose","8":"product_cat-vins","10":"first","11":"instock","12":"taxable","13":"shipping-taxable","14":"purchasable","15":"product-type-simple"},"_links":{"self":[{"href":"https:\/\/www.domainedelafermeblanche.com\/index.php\/wp-json\/wp\/v2\/product\/97","targetHints":{"allow":["GET"]}}],"collection":[{"href":"https:\/\/www.domainedelafermeblanche.com\/index.php\/wp-json\/wp\/v2\/product"}],"about":[{"href":"https:\/\/www.domainedelafermeblanche.com\/index.php\/wp-json\/wp\/v2\/types\/product"}],"replies":[{"embeddable":true,"href":"https:\/\/www.domainedelafermeblanche.com\/index.php\/wp-json\/wp\/v2\/comments?post=97"}],"wp:featuredmedia":[{"embeddable":true,"href":"https:\/\/www.domainedelafermeblanche.com\/index.php\/wp-json\/wp\/v2\/media\/227"}],"wp:attachment":[{"href":"https:\/\/www.domainedelafermeblanche.com\/index.php\/wp-json\/wp\/v2\/media?parent=97"}],"wp:term":[{"taxonomy":"product_brand","embeddable":true,"href":"https:\/\/www.domainedelafermeblanche.com\/index.php\/wp-json\/wp\/v2\/product_brand?post=97"},{"taxonomy":"product_cat","embeddable":true,"href":"https:\/\/www.domainedelafermeblanche.com\/index.php\/wp-json\/wp\/v2\/product_cat?post=97"},{"taxonomy":"product_tag","embeddable":true,"href":"https:\/\/www.domainedelafermeblanche.com\/index.php\/wp-json\/wp\/v2\/product_tag?post=97"}],"curies":[{"name":"wp","href":"https:\/\/api.w.org\/{rel}","templated":true}]}}