{"id":459,"date":"2026-03-07T14:54:39","date_gmt":"2026-03-07T13:54:39","guid":{"rendered":"https:\/\/www.domainedelafermeblanche.com\/?post_type=product&#038;p=459"},"modified":"2026-03-25T16:16:54","modified_gmt":"2026-03-25T15:16:54","slug":"sommelier-ferme-blanche","status":"publish","type":"product","link":"https:\/\/www.domainedelafermeblanche.com\/index.php\/produit\/sommelier-ferme-blanche\/","title":{"rendered":"Sommelier Ferme Blanche"},"content":{"rendered":"<p>Sommelier de qualit\u00e9 sigl\u00e9 Ferme Blanche. Plusieurs couleurs disponibles, pensez \u00e0 choisir la couleur souhait\u00e9e dans le menu d\u00e9roulant.<\/p>\n","protected":false},"excerpt":{"rendered":"<p>Sommelier de qualit\u00e9 sigl\u00e9 Ferme Blanche. Plusieurs couleurs disponibles, pensez \u00e0 choisir la couleur souhait\u00e9e dans le menu d\u00e9roulant.<\/p>\n","protected":false},"featured_media":480,"comment_status":"open","ping_status":"closed","template":"","meta":[],"product_brand":[],"product_cat":[26],"product_tag":[],"class_list":{"0":"post-459","1":"product","2":"type-product","3":"status-publish","4":"has-post-thumbnail","6":"product_cat-accessoires","8":"first","9":"instock","10":"taxable","11":"shipping-taxable","12":"purchasable","13":"product-type-variable"},"_links":{"self":[{"href":"https:\/\/www.domainedelafermeblanche.com\/index.php\/wp-json\/wp\/v2\/product\/459","targetHints":{"allow":["GET"]}}],"collection":[{"href":"https:\/\/www.domainedelafermeblanche.com\/index.php\/wp-json\/wp\/v2\/product"}],"about":[{"href":"https:\/\/www.domainedelafermeblanche.com\/index.php\/wp-json\/wp\/v2\/types\/product"}],"replies":[{"embeddable":true,"href":"https:\/\/www.domainedelafermeblanche.com\/index.php\/wp-json\/wp\/v2\/comments?post=459"}],"wp:featuredmedia":[{"embeddable":true,"href":"https:\/\/www.domainedelafermeblanche.com\/index.php\/wp-json\/wp\/v2\/media\/480"}],"wp:attachment":[{"href":"https:\/\/www.domainedelafermeblanche.com\/index.php\/wp-json\/wp\/v2\/media?parent=459"}],"wp:term":[{"taxonomy":"product_brand","embeddable":true,"href":"https:\/\/www.domainedelafermeblanche.com\/index.php\/wp-json\/wp\/v2\/product_brand?post=459"},{"taxonomy":"product_cat","embeddable":true,"href":"https:\/\/www.domainedelafermeblanche.com\/index.php\/wp-json\/wp\/v2\/product_cat?post=459"},{"taxonomy":"product_tag","embeddable":true,"href":"https:\/\/www.domainedelafermeblanche.com\/index.php\/wp-json\/wp\/v2\/product_tag?post=459"}],"curies":[{"name":"wp","href":"https:\/\/api.w.org\/{rel}","templated":true}]}}