{"id":457,"date":"2026-03-07T14:48:49","date_gmt":"2026-03-07T13:48:49","guid":{"rendered":"https:\/\/www.domainedelafermeblanche.com\/?post_type=product&#038;p=457"},"modified":"2026-03-07T14:48:56","modified_gmt":"2026-03-07T13:48:56","slug":"sceau-a-glace-ferme-blanche","status":"publish","type":"product","link":"https:\/\/www.domainedelafermeblanche.com\/index.php\/produit\/sceau-a-glace-ferme-blanche\/","title":{"rendered":"Sceau \u00e0 glace Ferme Blanche"},"content":{"rendered":"<p>Compagnon id\u00e9al de nos vins, parfait pour garder vos bouteilles \u00e0 temp\u00e9rature avec style, ce sceau \u00e0 glace Ferme Blanche se fraieras un chemin vers les tables de vos ap\u00e9ritifs r\u00e9ussis !<\/p>\n","protected":false},"excerpt":{"rendered":"<p>Compagnon id\u00e9al de nos vins, parfait pour garder vos bouteilles \u00e0 temp\u00e9rature avec style, ce sceau \u00e0 glace Ferme Blanche se fraieras un chemin vers les tables de vos ap\u00e9ritifs r\u00e9ussis !<\/p>\n","protected":false},"featured_media":458,"comment_status":"open","ping_status":"closed","template":"","meta":[],"product_brand":[],"product_cat":[26],"product_tag":[],"class_list":{"0":"post-457","1":"product","2":"type-product","3":"status-publish","4":"has-post-thumbnail","6":"product_cat-accessoires","8":"first","9":"instock","10":"taxable","11":"shipping-taxable","12":"purchasable","13":"product-type-simple"},"_links":{"self":[{"href":"https:\/\/www.domainedelafermeblanche.com\/index.php\/wp-json\/wp\/v2\/product\/457","targetHints":{"allow":["GET"]}}],"collection":[{"href":"https:\/\/www.domainedelafermeblanche.com\/index.php\/wp-json\/wp\/v2\/product"}],"about":[{"href":"https:\/\/www.domainedelafermeblanche.com\/index.php\/wp-json\/wp\/v2\/types\/product"}],"replies":[{"embeddable":true,"href":"https:\/\/www.domainedelafermeblanche.com\/index.php\/wp-json\/wp\/v2\/comments?post=457"}],"wp:featuredmedia":[{"embeddable":true,"href":"https:\/\/www.domainedelafermeblanche.com\/index.php\/wp-json\/wp\/v2\/media\/458"}],"wp:attachment":[{"href":"https:\/\/www.domainedelafermeblanche.com\/index.php\/wp-json\/wp\/v2\/media?parent=457"}],"wp:term":[{"taxonomy":"product_brand","embeddable":true,"href":"https:\/\/www.domainedelafermeblanche.com\/index.php\/wp-json\/wp\/v2\/product_brand?post=457"},{"taxonomy":"product_cat","embeddable":true,"href":"https:\/\/www.domainedelafermeblanche.com\/index.php\/wp-json\/wp\/v2\/product_cat?post=457"},{"taxonomy":"product_tag","embeddable":true,"href":"https:\/\/www.domainedelafermeblanche.com\/index.php\/wp-json\/wp\/v2\/product_tag?post=457"}],"curies":[{"name":"wp","href":"https:\/\/api.w.org\/{rel}","templated":true}]}}