{"id":103,"date":"2025-04-29T14:46:39","date_gmt":"2025-04-29T12:46:39","guid":{"rendered":"https:\/\/www.domainedelafermeblanche.com\/?post_type=product&#038;p=103"},"modified":"2025-07-18T16:48:43","modified_gmt":"2025-07-18T14:48:43","slug":"blanc-excellence-ferme-blanche-aoc-cassis-2022-75cl","status":"publish","type":"product","link":"https:\/\/www.domainedelafermeblanche.com\/index.php\/produit\/blanc-excellence-ferme-blanche-aoc-cassis-2022-75cl\/","title":{"rendered":"Blanc Excellence Bio AOC Cassis 2022 75Cl"},"content":{"rendered":"<p>Ar\u00f4mes de fruits blancs, zestes d\u2019agrumes et un trait de vanille. D\u00e8s la premi\u00e8re gorg\u00e9e son corps velout\u00e9 tapissera la bouche et montera crescendo en puissance. Les fruits m\u00fbrs et la min\u00e9ralit\u00e9 rivalisent dans un bel \u00e9quilibre.<\/p>\n<p><a href=\"https:\/\/www.domainedelafermeblanche.com\/wp-content\/uploads\/2025\/04\/Blanc-excellence-2022.pdf\">Fiche technique<\/a><\/p>\n","protected":false},"excerpt":{"rendered":"<p><a href=\"https:\/\/www.domainedelafermeblanche.com\/wp-content\/uploads\/2025\/04\/AB_cert_HD.jpg\"><img loading=\"lazy\" decoding=\"async\" class=\"alignnone size-thumbnail wp-image-313\" src=\"https:\/\/www.domainedelafermeblanche.com\/wp-content\/uploads\/2025\/04\/AB_cert_HD-150x150.jpg\" alt=\"\" width=\"150\" height=\"150\" srcset=\"https:\/\/www.domainedelafermeblanche.com\/wp-content\/uploads\/2025\/04\/AB_cert_HD-150x150.jpg 150w, https:\/\/www.domainedelafermeblanche.com\/wp-content\/uploads\/2025\/04\/AB_cert_HD-300x300.jpg 300w, https:\/\/www.domainedelafermeblanche.com\/wp-content\/uploads\/2025\/04\/AB_cert_HD-100x100.jpg 100w\" sizes=\"auto, (max-width: 150px) 100vw, 150px\" \/><\/a><\/p>\n<p>Blanc Excellence Bio AOC Cassis 2022 75Cl<\/p>\n","protected":false},"featured_media":220,"comment_status":"open","ping_status":"closed","template":"","meta":[],"product_brand":[],"product_cat":[21,22,20],"product_tag":[],"class_list":{"0":"post-103","1":"product","2":"type-product","3":"status-publish","4":"has-post-thumbnail","6":"product_cat-aoc-cassis","7":"product_cat-blanc","8":"product_cat-vins","10":"first","11":"instock","12":"taxable","13":"shipping-taxable","14":"purchasable","15":"product-type-simple"},"_links":{"self":[{"href":"https:\/\/www.domainedelafermeblanche.com\/index.php\/wp-json\/wp\/v2\/product\/103","targetHints":{"allow":["GET"]}}],"collection":[{"href":"https:\/\/www.domainedelafermeblanche.com\/index.php\/wp-json\/wp\/v2\/product"}],"about":[{"href":"https:\/\/www.domainedelafermeblanche.com\/index.php\/wp-json\/wp\/v2\/types\/product"}],"replies":[{"embeddable":true,"href":"https:\/\/www.domainedelafermeblanche.com\/index.php\/wp-json\/wp\/v2\/comments?post=103"}],"wp:featuredmedia":[{"embeddable":true,"href":"https:\/\/www.domainedelafermeblanche.com\/index.php\/wp-json\/wp\/v2\/media\/220"}],"wp:attachment":[{"href":"https:\/\/www.domainedelafermeblanche.com\/index.php\/wp-json\/wp\/v2\/media?parent=103"}],"wp:term":[{"taxonomy":"product_brand","embeddable":true,"href":"https:\/\/www.domainedelafermeblanche.com\/index.php\/wp-json\/wp\/v2\/product_brand?post=103"},{"taxonomy":"product_cat","embeddable":true,"href":"https:\/\/www.domainedelafermeblanche.com\/index.php\/wp-json\/wp\/v2\/product_cat?post=103"},{"taxonomy":"product_tag","embeddable":true,"href":"https:\/\/www.domainedelafermeblanche.com\/index.php\/wp-json\/wp\/v2\/product_tag?post=103"}],"curies":[{"name":"wp","href":"https:\/\/api.w.org\/{rel}","templated":true}]}}