{"id":269,"date":"2025-07-16T11:20:25","date_gmt":"2025-07-16T09:20:25","guid":{"rendered":"https:\/\/www.domainedelafermeblanche.com\/?page_id=269"},"modified":"2026-01-27T13:10:43","modified_gmt":"2026-01-27T12:10:43","slug":"location-salle-de-seminaire","status":"publish","type":"page","link":"https:\/\/www.domainedelafermeblanche.com\/index.php\/location-salle-de-seminaire\/","title":{"rendered":"Location salle de s\u00e9minaire"},"content":{"rendered":"\n<p>Nous disposons d&rsquo;une belle salle de s\u00e9minaire capable d&rsquo;accueillir jusqu&rsquo;\u00e0 30 personnes, \u00e9quip\u00e9e visio, connexion fibre optique ultra rapide. Nous contacter pour plus d&rsquo;informations.<\/p>\n\n\n\n<figure class=\"wp-block-image size-full\"><img loading=\"lazy\" decoding=\"async\" width=\"640\" height=\"360\" src=\"https:\/\/www.domainedelafermeblanche.com\/wp-content\/uploads\/2025\/10\/chaises-de-derriere.jpg\" alt=\"\" class=\"wp-image-372\" srcset=\"https:\/\/www.domainedelafermeblanche.com\/wp-content\/uploads\/2025\/10\/chaises-de-derriere.jpg 640w, https:\/\/www.domainedelafermeblanche.com\/wp-content\/uploads\/2025\/10\/chaises-de-derriere-300x169.jpg 300w, https:\/\/www.domainedelafermeblanche.com\/wp-content\/uploads\/2025\/10\/chaises-de-derriere-600x338.jpg 600w\" sizes=\"auto, (max-width: 640px) 100vw, 640px\" \/><\/figure>\n\n\n\n<div class=\"wp-block-cover\"><img loading=\"lazy\" decoding=\"async\" width=\"640\" height=\"480\" class=\"wp-block-cover__image-background wp-image-376\" alt=\"\" src=\"https:\/\/www.domainedelafermeblanche.com\/wp-content\/uploads\/2025\/10\/terrasse-cafe.jpg\" data-object-fit=\"cover\" srcset=\"https:\/\/www.domainedelafermeblanche.com\/wp-content\/uploads\/2025\/10\/terrasse-cafe.jpg 640w, https:\/\/www.domainedelafermeblanche.com\/wp-content\/uploads\/2025\/10\/terrasse-cafe-300x225.jpg 300w, https:\/\/www.domainedelafermeblanche.com\/wp-content\/uploads\/2025\/10\/terrasse-cafe-600x450.jpg 600w\" sizes=\"auto, (max-width: 640px) 100vw, 640px\" \/><span aria-hidden=\"true\" class=\"wp-block-cover__background has-background-dim\"><\/span><div class=\"wp-block-cover__inner-container is-layout-flow wp-block-cover-is-layout-flow\">\n<p class=\"has-text-align-center has-large-font-size\"><\/p>\n<\/div><\/div>\n","protected":false},"excerpt":{"rendered":"<p>Nous disposons d&rsquo;une belle salle de s\u00e9minaire capable d&rsquo;accueillir jusqu&rsquo;\u00e0 30 personnes, \u00e9quip\u00e9e visio, connexion fibre optique ultra rapide. Nous contacter pour plus d&rsquo;informations.<\/p>\n","protected":false},"author":2,"featured_media":379,"parent":0,"menu_order":0,"comment_status":"closed","ping_status":"closed","template":"","meta":{"footnotes":""},"class_list":["post-269","page","type-page","status-publish","has-post-thumbnail","hentry"],"_links":{"self":[{"href":"https:\/\/www.domainedelafermeblanche.com\/index.php\/wp-json\/wp\/v2\/pages\/269","targetHints":{"allow":["GET"]}}],"collection":[{"href":"https:\/\/www.domainedelafermeblanche.com\/index.php\/wp-json\/wp\/v2\/pages"}],"about":[{"href":"https:\/\/www.domainedelafermeblanche.com\/index.php\/wp-json\/wp\/v2\/types\/page"}],"author":[{"embeddable":true,"href":"https:\/\/www.domainedelafermeblanche.com\/index.php\/wp-json\/wp\/v2\/users\/2"}],"replies":[{"embeddable":true,"href":"https:\/\/www.domainedelafermeblanche.com\/index.php\/wp-json\/wp\/v2\/comments?post=269"}],"version-history":[{"count":6,"href":"https:\/\/www.domainedelafermeblanche.com\/index.php\/wp-json\/wp\/v2\/pages\/269\/revisions"}],"predecessor-version":[{"id":429,"href":"https:\/\/www.domainedelafermeblanche.com\/index.php\/wp-json\/wp\/v2\/pages\/269\/revisions\/429"}],"wp:featuredmedia":[{"embeddable":true,"href":"https:\/\/www.domainedelafermeblanche.com\/index.php\/wp-json\/wp\/v2\/media\/379"}],"wp:attachment":[{"href":"https:\/\/www.domainedelafermeblanche.com\/index.php\/wp-json\/wp\/v2\/media?parent=269"}],"curies":[{"name":"wp","href":"https:\/\/api.w.org\/{rel}","templated":true}]}}